{"id":700,"date":"2023-06-19T16:58:24","date_gmt":"2023-06-19T16:58:24","guid":{"rendered":"https:\/\/claudiamanya.com\/?page_id=700"},"modified":"2023-06-19T16:58:24","modified_gmt":"2023-06-19T16:58:24","slug":"credits","status":"publish","type":"page","link":"https:\/\/claudiamanya.com\/es\/credits\/","title":{"rendered":"Cr\u00e8dits"},"content":{"rendered":"<p>Financiado por la Uni\u00f3n Europea - NextGenerationEU. Sin embargo, los puntos de vista y las opiniones expresadas son \u00fanicamente los del autor o autores y no reflejan necesariamente los de la Uni\u00f3n Europea o la Comisi\u00f3n Europea. Ni la Uni\u00f3n Europea ni la Comisi\u00f3n Europea pueden ser consideradas responsables de las mismas<\/p>\n\n\n\n<figure class=\"gb-block-image gb-block-image-b2e70236\"><img loading=\"lazy\" decoding=\"async\" width=\"2048\" height=\"237\" class=\"gb-image gb-image-b2e70236\" src=\"https:\/\/claudiamanya.com\/wp-content\/uploads\/2023\/06\/kit-digital-logo.png\" alt=\"\" title=\"kit-digital-logo\" srcset=\"https:\/\/claudiamanya.com\/wp-content\/uploads\/2023\/06\/kit-digital-logo.png 2048w, https:\/\/claudiamanya.com\/wp-content\/uploads\/2023\/06\/kit-digital-logo-300x35.png 300w, https:\/\/claudiamanya.com\/wp-content\/uploads\/2023\/06\/kit-digital-logo-1024x119.png 1024w, https:\/\/claudiamanya.com\/wp-content\/uploads\/2023\/06\/kit-digital-logo-768x89.png 768w, https:\/\/claudiamanya.com\/wp-content\/uploads\/2023\/06\/kit-digital-logo-1536x178.png 1536w, https:\/\/claudiamanya.com\/wp-content\/uploads\/2023\/06\/kit-digital-logo-18x2.png 18w\" sizes=\"auto, (max-width: 2048px) 100vw, 2048px\" \/><\/figure>","protected":false},"excerpt":{"rendered":"<p>Financiado por la Uni\u00f3n Europea - NextGenerationEU. Sin embargo, los puntos de vista y las opiniones expresadas son \u00fanicamente los del autor o autores y no reflejan necesariamente los de la Uni\u00f3n Europea o la Comisi\u00f3n Europea. Ni la Uni\u00f3n Europea ni la Comisi\u00f3n Europea pueden ser consideradas responsables de las mismas<\/p>","protected":false},"author":1,"featured_media":0,"parent":0,"menu_order":0,"comment_status":"closed","ping_status":"closed","template":"","meta":{"_acf_changed":false,"footnotes":""},"class_list":["post-700","page","type-page","status-publish"],"acf":[],"yoast_head":"<!-- This site is optimized with the Yoast SEO plugin v22.1 - https:\/\/yoast.com\/wordpress\/plugins\/seo\/ -->\n<title>Cr\u00e8dits - Cl\u00e0udia Many\u00e0<\/title>\n<meta name=\"robots\" content=\"index, follow, max-snippet:-1, max-image-preview:large, max-video-preview:-1\" \/>\n<link rel=\"canonical\" href=\"https:\/\/claudiamanya.com\/es\/credits\/\" \/>\n<meta property=\"og:locale\" content=\"es_ES\" \/>\n<meta property=\"og:type\" content=\"article\" \/>\n<meta property=\"og:title\" content=\"Cr\u00e8dits - Cl\u00e0udia Many\u00e0\" \/>\n<meta property=\"og:description\" content=\"Finan\u00e7at per la Uni\u00f3 Europea &#8211; NextGenerationEU. Tot i aix\u00f2, els punts de vista i les opinions expressades s\u00f3n \u00fanicament els de l&#8217;autor o autors i no reflecteixen necess\u00e0riament els de la Uni\u00f3 Europea o la Comissi\u00f3 Europea. Ni la Uni\u00f3 Europea ni la Comissi\u00f3 Europea poden ser considerades responsables de les mateixes\" \/>\n<meta property=\"og:url\" content=\"https:\/\/claudiamanya.com\/es\/credits\/\" \/>\n<meta property=\"og:site_name\" content=\"Cl\u00e0udia Many\u00e0\" \/>\n<meta property=\"og:image\" content=\"https:\/\/claudiamanya.com\/wp-content\/uploads\/2023\/06\/kit-digital-logo.png\" \/>\n<meta name=\"twitter:card\" content=\"summary_large_image\" \/>\n<meta name=\"twitter:label1\" content=\"Tiempo de lectura\" \/>\n\t<meta name=\"twitter:data1\" content=\"1 minuto\" \/>\n<script type=\"application\/ld+json\" class=\"yoast-schema-graph\">{\"@context\":\"https:\/\/schema.org\",\"@graph\":[{\"@type\":\"WebPage\",\"@id\":\"https:\/\/claudiamanya.com\/es\/credits\/\",\"url\":\"https:\/\/claudiamanya.com\/es\/credits\/\",\"name\":\"Cr\u00e8dits - Cl\u00e0udia Many\u00e0\",\"isPartOf\":{\"@id\":\"https:\/\/claudiamanya.com\/#website\"},\"datePublished\":\"2023-06-19T16:58:24+00:00\",\"dateModified\":\"2023-06-19T16:58:24+00:00\",\"breadcrumb\":{\"@id\":\"https:\/\/claudiamanya.com\/es\/credits\/#breadcrumb\"},\"inLanguage\":\"es\",\"potentialAction\":[{\"@type\":\"ReadAction\",\"target\":[\"https:\/\/claudiamanya.com\/es\/credits\/\"]}]},{\"@type\":\"BreadcrumbList\",\"@id\":\"https:\/\/claudiamanya.com\/es\/credits\/#breadcrumb\",\"itemListElement\":[{\"@type\":\"ListItem\",\"position\":1,\"name\":\"Inici\",\"item\":\"https:\/\/claudiamanya.com\/\"},{\"@type\":\"ListItem\",\"position\":2,\"name\":\"Cr\u00e8dits\"}]},{\"@type\":\"WebSite\",\"@id\":\"https:\/\/claudiamanya.com\/#website\",\"url\":\"https:\/\/claudiamanya.com\/\",\"name\":\"Cl\u00e0udia Many\u00e0\",\"description\":\"Consultoria social. Serveis socials i acci\u00f3 comunit\u00e0ria\",\"publisher\":{\"@id\":\"https:\/\/claudiamanya.com\/#\/schema\/person\/dc682c0b654881d418fac55eafd73c78\"},\"alternateName\":\"Cl\u00e0udia Many\u00e0\",\"potentialAction\":[{\"@type\":\"SearchAction\",\"target\":{\"@type\":\"EntryPoint\",\"urlTemplate\":\"https:\/\/claudiamanya.com\/?s={search_term_string}\"},\"query-input\":\"required name=search_term_string\"}],\"inLanguage\":\"es\"},{\"@type\":[\"Person\",\"Organization\"],\"@id\":\"https:\/\/claudiamanya.com\/#\/schema\/person\/dc682c0b654881d418fac55eafd73c78\",\"name\":\"Cl\u00e0udia Many\u00e0\",\"image\":{\"@type\":\"ImageObject\",\"inLanguage\":\"es\",\"@id\":\"https:\/\/claudiamanya.com\/#\/schema\/person\/image\/\",\"url\":\"https:\/\/claudiamanya.com\/wp-content\/uploads\/2023\/07\/imagotip_claudia_manya.svg\",\"contentUrl\":\"https:\/\/claudiamanya.com\/wp-content\/uploads\/2023\/07\/imagotip_claudia_manya.svg\",\"width\":155,\"height\":181,\"caption\":\"Cl\u00e0udia Many\u00e0\"},\"logo\":{\"@id\":\"https:\/\/claudiamanya.com\/#\/schema\/person\/image\/\"},\"sameAs\":[\"http:\/\/claudiamanya.com\"]}]}<\/script>\n<!-- \/ Yoast SEO plugin. -->","yoast_head_json":{"title":"Cr\u00e8dits - Cl\u00e0udia Many\u00e0","robots":{"index":"index","follow":"follow","max-snippet":"max-snippet:-1","max-image-preview":"max-image-preview:large","max-video-preview":"max-video-preview:-1"},"canonical":"https:\/\/claudiamanya.com\/es\/credits\/","og_locale":"es_ES","og_type":"article","og_title":"Cr\u00e8dits - Cl\u00e0udia Many\u00e0","og_description":"Finan\u00e7at per la Uni\u00f3 Europea &#8211; NextGenerationEU. Tot i aix\u00f2, els punts de vista i les opinions expressades s\u00f3n \u00fanicament els de l&#8217;autor o autors i no reflecteixen necess\u00e0riament els de la Uni\u00f3 Europea o la Comissi\u00f3 Europea. Ni la Uni\u00f3 Europea ni la Comissi\u00f3 Europea poden ser considerades responsables de les mateixes","og_url":"https:\/\/claudiamanya.com\/es\/credits\/","og_site_name":"Cl\u00e0udia Many\u00e0","og_image":[{"url":"https:\/\/claudiamanya.com\/wp-content\/uploads\/2023\/06\/kit-digital-logo.png"}],"twitter_card":"summary_large_image","twitter_misc":{"Tiempo de lectura":"1 minuto"},"schema":{"@context":"https:\/\/schema.org","@graph":[{"@type":"WebPage","@id":"https:\/\/claudiamanya.com\/es\/credits\/","url":"https:\/\/claudiamanya.com\/es\/credits\/","name":"Cr\u00e8dits - Cl\u00e0udia Many\u00e0","isPartOf":{"@id":"https:\/\/claudiamanya.com\/#website"},"datePublished":"2023-06-19T16:58:24+00:00","dateModified":"2023-06-19T16:58:24+00:00","breadcrumb":{"@id":"https:\/\/claudiamanya.com\/es\/credits\/#breadcrumb"},"inLanguage":"es","potentialAction":[{"@type":"ReadAction","target":["https:\/\/claudiamanya.com\/es\/credits\/"]}]},{"@type":"BreadcrumbList","@id":"https:\/\/claudiamanya.com\/es\/credits\/#breadcrumb","itemListElement":[{"@type":"ListItem","position":1,"name":"Inici","item":"https:\/\/claudiamanya.com\/"},{"@type":"ListItem","position":2,"name":"Cr\u00e8dits"}]},{"@type":"WebSite","@id":"https:\/\/claudiamanya.com\/#website","url":"https:\/\/claudiamanya.com\/","name":"Cl\u00e0udia Many\u00e0","description":"Consultoria social. Serveis socials i acci\u00f3 comunit\u00e0ria","publisher":{"@id":"https:\/\/claudiamanya.com\/#\/schema\/person\/dc682c0b654881d418fac55eafd73c78"},"alternateName":"Cl\u00e0udia Many\u00e0","potentialAction":[{"@type":"SearchAction","target":{"@type":"EntryPoint","urlTemplate":"https:\/\/claudiamanya.com\/?s={search_term_string}"},"query-input":"required name=search_term_string"}],"inLanguage":"es"},{"@type":["Person","Organization"],"@id":"https:\/\/claudiamanya.com\/#\/schema\/person\/dc682c0b654881d418fac55eafd73c78","name":"Cl\u00e0udia Many\u00e0","image":{"@type":"ImageObject","inLanguage":"es","@id":"https:\/\/claudiamanya.com\/#\/schema\/person\/image\/","url":"https:\/\/claudiamanya.com\/wp-content\/uploads\/2023\/07\/imagotip_claudia_manya.svg","contentUrl":"https:\/\/claudiamanya.com\/wp-content\/uploads\/2023\/07\/imagotip_claudia_manya.svg","width":155,"height":181,"caption":"Cl\u00e0udia Many\u00e0"},"logo":{"@id":"https:\/\/claudiamanya.com\/#\/schema\/person\/image\/"},"sameAs":["http:\/\/claudiamanya.com"]}]}},"_links":{"self":[{"href":"https:\/\/claudiamanya.com\/es\/wp-json\/wp\/v2\/pages\/700","targetHints":{"allow":["GET"]}}],"collection":[{"href":"https:\/\/claudiamanya.com\/es\/wp-json\/wp\/v2\/pages"}],"about":[{"href":"https:\/\/claudiamanya.com\/es\/wp-json\/wp\/v2\/types\/page"}],"author":[{"embeddable":true,"href":"https:\/\/claudiamanya.com\/es\/wp-json\/wp\/v2\/users\/1"}],"replies":[{"embeddable":true,"href":"https:\/\/claudiamanya.com\/es\/wp-json\/wp\/v2\/comments?post=700"}],"version-history":[{"count":1,"href":"https:\/\/claudiamanya.com\/es\/wp-json\/wp\/v2\/pages\/700\/revisions"}],"predecessor-version":[{"id":702,"href":"https:\/\/claudiamanya.com\/es\/wp-json\/wp\/v2\/pages\/700\/revisions\/702"}],"wp:attachment":[{"href":"https:\/\/claudiamanya.com\/es\/wp-json\/wp\/v2\/media?parent=700"}],"curies":[{"name":"wp","href":"https:\/\/api.w.org\/{rel}","templated":true}]}}