{"id":48,"date":"2023-04-26T08:21:07","date_gmt":"2023-04-26T08:21:07","guid":{"rendered":"https:\/\/claudiamanya.com\/?page_id=48"},"modified":"2025-10-08T18:55:56","modified_gmt":"2025-10-08T18:55:56","slug":"consultora-social-en-serveis-socials-i-accio-comunitaria","status":"publish","type":"page","link":"https:\/\/claudiamanya.com\/es\/consultora-social-en-serveis-socials-i-accio-comunitaria\/","title":{"rendered":"Consultora social en serveis socials i acci\u00f3 comunit\u00e0ria."},"content":{"rendered":"<div class=\"gb-container gb-container-aa7680f0\">\n<div class=\"gb-container gb-container-486f119a\">\n<div class=\"gb-container gb-container-d1095b04\">\n\n<h1 class=\"gb-headline gb-headline-366ff637 gb-headline-text\">Consultora social especializada en el \u00e1mbito de servicios sociales y la acci\u00f3n comunitaria.<\/h1>\n\n<\/div>\n\n\n<p>Desde 2017 me dedico a fortalecer la orientaci\u00f3n comunitaria de los servicios sociales realizando formaci\u00f3n, supervisi\u00f3n, investigaci\u00f3n y acompa\u00f1amiento a proyectos y servicios de la administraci\u00f3n local. <a href=\"https:\/\/claudiamanya.com\/es\/projectes\/\">proyectos<\/a> i serveis de l\u2019administraci\u00f3 local.<\/p>\n\n\n\n<p>He elaborado documentos de referencia como el \u201cMarco de intervenci\u00f3n comunitaria de los servicios sociales de Barcelona\u201d (2017, con Ernesto Morales) y el \u201cDocumento de bases para un Marco de referencia de la intervenci\u00f3n comunitaria en los servicios sociales b\u00e1sicos\n\u201d de Catalunya, (2021, con Marta Ballester).<em><a href=\"https:\/\/www.google.com\/url?sa=i&amp;rct=j&amp;q=&amp;esrc=s&amp;source=web&amp;cd=&amp;ved=0CAIQw7AJahcKEwiwisqV9vn-AhUAAAAAHQAAAAAQAw&amp;url=https%3A%2F%2Fajuntament.barcelona.cat%2Facciocomunitaria%2Fsites%2Fdefault%2Ffiles%2Fdocuments%2Fmarc_intervencio_comunitaria_css_bcn.pdf&amp;psig=AOvVaw3q472ihS4FZUWixMyaQp4J&amp;ust=1684329414501592\" target=\"_blank\" rel=\"noreferrer noopener\">Marc d\u2019intervenci\u00f3 comunit\u00e0ria dels serveis socials de Barcelona<\/a><\/em>\u201d (2017, amb Ernesto Morales) i el \u201c<em><a href=\"https:\/\/www.google.com\/url?sa=i&amp;rct=j&amp;q=&amp;esrc=s&amp;source=web&amp;cd=&amp;ved=0CAIQw7AJahcKEwionIel9vn-AhUAAAAAHQAAAAAQAw&amp;url=https%3A%2F%2Fdixit.gencat.cat%2Fca%2Fdetalls%2FArticle%2Fdocuments_base_marc_referencia_treball_comunitari_serveis_socials_basics.html&amp;psig=AOvVaw3zSm4xxvWrZhcBVBILSj1n&amp;ust=1684329445933134\" target=\"_blank\" rel=\"noreferrer noopener\">Document de bases per a un Marc de refer\u00e8ncia de la intervenci\u00f3 comunit\u00e0ria als serveis socials b\u00e0sics<\/a><\/em>\u201d (2021, amb Marta Ballester).<\/p>\n\n\n\n<p>Soy consultora con un fuerte sentido de servicio p\u00fablico gestado durante los m\u00e1s de 20 a\u00f1os trabajados en la administraci\u00f3n local, principalmente en los servicios sociales b\u00e1sicos y, en la \u00faltima etapa, impulsando programas de actuaci\u00f3n municipal en el \u00e1mbito de la econom\u00eda social , la econom\u00eda de los cuidados y las econom\u00edas comunitarias.<\/p>\n\n\n\n<h2 class=\"gb-headline gb-headline-838b3096 gb-headline-text\">Me apasionan los procesos de organizaci\u00f3n colectiva profesionales y comunitarios que construyen un mundo mejor sin dejar a nadie atr\u00e1s.<\/h2>\n\n\n\n<p>El fortalecimiento de la comunidad forma parte de mi prop\u00f3sito vital, y por eso, en el \u00e1mbito personal, he estado implicada en varios proyectos comunitarios de intercambio y consumo agroecol\u00f3gico, emprendedur\u00eda femenina colectiva y vivienda cooperativa rural, entre otros.<\/p>\n\n\n\n<p>En los \u00faltimos a\u00f1os, frente a la crisis eco-social que vivimos, siento cada vez m\u00e1s la necesidad de sentar las bases para la cohesi\u00f3n y la resiliencia comunitaria desde una perspectiva de justicia social. Esta cuesti\u00f3n, junto con la ruralidad, se han convertido para m\u00ed en nuevos intereses a profundizar.<\/p>\n\n\n\n<p><\/p>\n\n\n\n<figure class=\"gb-block-image gb-block-image-568cf463\"><img loading=\"lazy\" decoding=\"async\" width=\"500\" height=\"300\" class=\"gb-image gb-image-568cf463\" src=\"https:\/\/claudiamanya.com\/wp-content\/uploads\/2023\/04\/punts-16.svg\" alt=\"\" title=\"punts-16\"\/><\/figure>\n\n<\/div>\n\n<div class=\"gb-container gb-container-ca8bac7a quiet\">\n\n<figure class=\"gb-block-image gb-block-image-ad24748c\"><img loading=\"lazy\" decoding=\"async\" width=\"700\" height=\"875\" class=\"gb-image gb-image-ad24748c\" src=\"https:\/\/claudiamanya.com\/wp-content\/uploads\/2023\/04\/claudia_manya.jpg\" alt=\"Cl\u00e0udia Many\u00e0.Diplomada en Educaci\u00f3 Social. M\u00e0ster Oficial d'Estudis de Dones, G\u00e8nere i Ciutadania. Estudis de Sociologia i Treball de processos.\" title=\"claudia_manya\" srcset=\"https:\/\/claudiamanya.com\/wp-content\/uploads\/2023\/04\/claudia_manya.jpg 700w, https:\/\/claudiamanya.com\/wp-content\/uploads\/2023\/04\/claudia_manya-240x300.jpg 240w\" sizes=\"auto, (max-width: 700px) 100vw, 700px\" \/>\n<figcaption class=\"gb-headline gb-headline-c26515ec gb-headline-text\"><em>Cl\u00e0udia Many\u00e0<\/em><\/figcaption>\n<\/figure>\n\n\n\n<p class=\"gb-headline gb-headline-4666ca4d gb-headline-text\"><em>Diplomada en Educaci\u00f3 Social. <\/em><br><em>M\u00e0ster Oficial d&#8217;Estudis de Dones, G\u00e8nere i Ciutadania. <\/em><br><em>Estudis de Sociologia i Treball de processos.<\/em><\/p>\n\n\n\n<ul class=\"wp-block-social-links has-icon-color has-icon-background-color is-layout-flex wp-block-social-links-is-layout-flex\"><li style=\"color: var(--accent); background-color: var(--contrast); \" class=\"wp-social-link wp-social-link-linkedin has-accent-color has-contrast-background-color wp-block-social-link\"><a href=\"https:\/\/www.linkedin.com\/in\/cl%C3%A0udiamany%C3%A0aragay\/\" class=\"wp-block-social-link-anchor\"><svg width=\"24\" height=\"24\" viewbox=\"0 0 24 24\" version=\"1.1\" xmlns=\"http:\/\/www.w3.org\/2000\/svg\" aria-hidden=\"true\" focusable=\"false\"><path d=\"M19.7,3H4.3C3.582,3,3,3.582,3,4.3v15.4C3,20.418,3.582,21,4.3,21h15.4c0.718,0,1.3-0.582,1.3-1.3V4.3 C21,3.582,20.418,3,19.7,3z M8.339,18.338H5.667v-8.59h2.672V18.338z M7.004,8.574c-0.857,0-1.549-0.694-1.549-1.548 c0-0.855,0.691-1.548,1.549-1.548c0.854,0,1.547,0.694,1.547,1.548C8.551,7.881,7.858,8.574,7.004,8.574z M18.339,18.338h-2.669 v-4.177c0-0.996-0.017-2.278-1.387-2.278c-1.389,0-1.601,1.086-1.601,2.206v4.249h-2.667v-8.59h2.559v1.174h0.037 c0.356-0.675,1.227-1.387,2.526-1.387c2.703,0,3.203,1.779,3.203,4.092V18.338z\"><\/path><\/svg><span class=\"wp-block-social-link-label screen-reader-text\">Linkedin Cl\u00e0udia Many\u00e0<\/span><\/a><\/li>\n\n<li style=\"color: var(--accent); background-color: var(--contrast); \" class=\"wp-social-link wp-social-link-twitter has-accent-color has-contrast-background-color wp-block-social-link\"><a href=\"https:\/\/twitter.com\/ClaudManya\" class=\"wp-block-social-link-anchor\"><svg width=\"24\" height=\"24\" viewbox=\"0 0 24 24\" version=\"1.1\" xmlns=\"http:\/\/www.w3.org\/2000\/svg\" aria-hidden=\"true\" focusable=\"false\"><path d=\"M22.23,5.924c-0.736,0.326-1.527,0.547-2.357,0.646c0.847-0.508,1.498-1.312,1.804-2.27 c-0.793,0.47-1.671,0.812-2.606,0.996C18.324,4.498,17.257,4,16.077,4c-2.266,0-4.103,1.837-4.103,4.103 c0,0.322,0.036,0.635,0.106,0.935C8.67,8.867,5.647,7.234,3.623,4.751C3.27,5.357,3.067,6.062,3.067,6.814 c0,1.424,0.724,2.679,1.825,3.415c-0.673-0.021-1.305-0.206-1.859-0.513c0,0.017,0,0.034,0,0.052c0,1.988,1.414,3.647,3.292,4.023 c-0.344,0.094-0.707,0.144-1.081,0.144c-0.264,0-0.521-0.026-0.772-0.074c0.522,1.63,2.038,2.816,3.833,2.85 c-1.404,1.1-3.174,1.756-5.096,1.756c-0.331,0-0.658-0.019-0.979-0.057c1.816,1.164,3.973,1.843,6.29,1.843 c7.547,0,11.675-6.252,11.675-11.675c0-0.178-0.004-0.355-0.012-0.531C20.985,7.47,21.68,6.747,22.23,5.924z\"><\/path><\/svg><span class=\"wp-block-social-link-label screen-reader-text\">Twitter<\/span><\/a><\/li><\/ul>\n\n<\/div>\n<\/div>\n\n\n<h4 class=\"gb-headline gb-headline-c3284601 gb-headline-text\">Con quien cuento<\/h4>\n\n\n<div class=\"gb-container gb-container-f2108397\">\n<div class=\"gb-container gb-container-d7d55ce9\">\n\n<h6 class=\"wp-block-heading\">Son las personas con las que formo equipo cuando el encargo lo requiere, por su dimensi\u00f3n y complejidad, con quienes comparto una visi\u00f3n y un mismo enfoque metodol\u00f3gico<\/h6>\n\n<\/div>\n<\/div>\n\n<div class=\"gb-container gb-container-0e7b722e amunt\">\n<div class=\"gb-container gb-container-a24f5c54\">\n<div class=\"gb-grid-wrapper gb-grid-wrapper-6a2a5bc2\">\n<div class=\"gb-grid-column gb-grid-column-ae6616da\"><div class=\"gb-container gb-container-ae6616da\">\n\n<figure class=\"gb-block-image gb-block-image-410d7923\"><img loading=\"lazy\" decoding=\"async\" width=\"500\" height=\"625\" class=\"gb-image gb-image-410d7923\" src=\"https:\/\/claudiamanya.com\/wp-content\/uploads\/2023\/04\/noe_sotus.jpg\" alt=\"Noe Sotus\" title=\"noe_sotus\" srcset=\"https:\/\/claudiamanya.com\/wp-content\/uploads\/2023\/04\/noe_sotus.jpg 500w, https:\/\/claudiamanya.com\/wp-content\/uploads\/2023\/04\/noe_sotus-240x300.jpg 240w\" sizes=\"auto, (max-width: 500px) 100vw, 500px\" \/><\/figure>\n\n<\/div><\/div>\n\n<div class=\"gb-grid-column gb-grid-column-890f79b9\"><div class=\"gb-container gb-container-890f79b9\">\n\n<h3 class=\"gb-headline gb-headline-33381262 gb-headline-text\"><em>Noe Sotus<\/em><\/h3>\n\n\n\n<p>Cuento con m\u00e1s de 15 a\u00f1os de experiencia en la organizaci\u00f3n comunitaria, el acompa\u00f1amiento y la facilitaci\u00f3n de grupos y la gesti\u00f3n de proyectos. He trabajado con comunidades territoriales diversas, con el colectivo de personas con diagn\u00f3sticos de salud mental y proyectos de fortalecimiento e inclusi\u00f3n organizacionales. Actualmente me muevo entre el dise\u00f1o de procesos comunitarios y el acompa\u00f1amiento a organizaciones en aspectos de gobernanza, visi\u00f3n sist\u00e9mica, cuidados y facilitaci\u00f3n de conflictos.<\/p>\n\n<\/div><\/div>\n<\/div>\n<\/div>\n\n<div class=\"gb-container gb-container-7f57a660\">\n<div class=\"gb-grid-wrapper gb-grid-wrapper-5fb8401a\">\n<div class=\"gb-grid-column gb-grid-column-fb432d83\"><div class=\"gb-container gb-container-fb432d83\">\n\n<\/div><\/div>\n\n<div class=\"gb-grid-column gb-grid-column-60219a79\"><div class=\"gb-container gb-container-60219a79\">\n\n<h3 class=\"gb-headline gb-headline-e5be3282 gb-headline-text\"><em><strong>Joana Calsamiglia<\/strong><\/em><\/h3>\n\n\n\n<p>Bi\u00f2loga de formaci\u00f3 i M\u00e0ster en Intervencions Socials i Educatives. Facilitadora de processos col\u00b7lectius i comunitaris i experta en acci\u00f3 comunit\u00e0ria, amb una traject\u00f2ria de 15 anys. Des del 2016 adopto un rol d\u2019acompanyament de figures t\u00e8cniques i pol\u00edtiques en la planificaci\u00f3 i implementaci\u00f3 estrat\u00e8gica i metodol\u00f2gica de plans i projectes amb mirada comunit\u00e0ria en \u00e0mbits tan diversos com l\u2019educaci\u00f3, l\u2019espai p\u00fablic, els serveis socials, la gesti\u00f3 comunit\u00e0ria en equipaments municipals, l\u2019economia social i solid\u00e0ria i la salut comunit\u00e0ria. Els anys 2020-2021 he format part de l\u2019equip de l\u2019Oficina T\u00e8cnica del PLACI. Els darrers mesos est\u00e0 ideant i desenvolupant un projecte per incorporar l\u2019art t\u00e8xtil i les pr\u00e0ctiques art\u00edstiques i creatives al m\u00f3n de la facilitaci\u00f3, la intervenci\u00f3 en grups i l\u2019acci\u00f3 comunit\u00e0ria.<\/p>\n\n<\/div><\/div>\n<\/div>\n<\/div>\n<\/div>\n\n\n<h4 class=\"gb-headline gb-headline-16ea52ee gb-headline-text\">Con quien colaboro<\/h4>\n\n\n<div class=\"gb-container gb-container-f319ebb4\">\n\n<p>Son organitzacions amb qui intercooperem en projectes concrets per afrontar nous reptes i sumar experteses<\/p>\n\n<\/div>\n\n<div class=\"gb-container gb-container-409c6181\">\n<div class=\"gb-container gb-container-73abb728\">\n\n<figure class=\"gb-block-image gb-block-image-2ea3219b\"><img loading=\"lazy\" decoding=\"async\" width=\"209\" height=\"310\" class=\"gb-image gb-image-2ea3219b\" src=\"https:\/\/claudiamanya.com\/wp-content\/uploads\/2023\/06\/imagen-1.png\" alt=\"\" title=\"imagen-1\" srcset=\"https:\/\/claudiamanya.com\/wp-content\/uploads\/2023\/06\/imagen-1.png 209w, https:\/\/claudiamanya.com\/wp-content\/uploads\/2023\/06\/imagen-1-202x300.png 202w, https:\/\/claudiamanya.com\/wp-content\/uploads\/2023\/06\/imagen-1-8x12.png 8w\" sizes=\"auto, (max-width: 209px) 100vw, 209px\" \/><\/figure>\n\n<\/div>\n\n<div class=\"gb-container gb-container-98d45edf\">\n\n<figure class=\"gb-block-image gb-block-image-721ccb23\"><img loading=\"lazy\" decoding=\"async\" width=\"1343\" height=\"472\" class=\"gb-image gb-image-721ccb23\" src=\"https:\/\/claudiamanya.com\/wp-content\/uploads\/2023\/04\/marges.svg\" alt=\"Cooperativa MARGES Cooperativa de consultoria social especialitzada en acci\u00f3 comunit\u00e0ria.\" title=\"marges\"\/><\/figure>\n\n<\/div>\n\n<div class=\"gb-container gb-container-fb0b4008\">\n\n<figure class=\"gb-block-image gb-block-image-e5daf1b8\"><img loading=\"lazy\" decoding=\"async\" width=\"807\" height=\"473\" class=\"gb-image gb-image-e5daf1b8\" src=\"https:\/\/claudiamanya.com\/wp-content\/uploads\/2023\/06\/Logo-resilience.jpg\" alt=\"\" title=\"Logo-resilience\" srcset=\"https:\/\/claudiamanya.com\/wp-content\/uploads\/2023\/06\/Logo-resilience.jpg 807w, https:\/\/claudiamanya.com\/wp-content\/uploads\/2023\/06\/Logo-resilience-300x176.jpg 300w, https:\/\/claudiamanya.com\/wp-content\/uploads\/2023\/06\/Logo-resilience-768x450.jpg 768w, https:\/\/claudiamanya.com\/wp-content\/uploads\/2023\/06\/Logo-resilience-18x12.jpg 18w\" sizes=\"auto, (max-width: 807px) 100vw, 807px\" \/><\/figure>\n\n<\/div>\n\n\n<div class=\"wp-block-group is-nowrap is-layout-flex wp-container-core-group-is-layout-ad2f72ca wp-block-group-is-layout-flex\"><div class=\"gb-container gb-container-57ebcf87\">\n\n<figure class=\"gb-block-image gb-block-image-8488f994\"><img loading=\"lazy\" decoding=\"async\" width=\"337\" height=\"149\" class=\"gb-image gb-image-8488f994\" src=\"https:\/\/claudiamanya.com\/wp-content\/uploads\/2023\/07\/Logo-fil.png\" alt=\"\" title=\"Logo-fil\" srcset=\"https:\/\/claudiamanya.com\/wp-content\/uploads\/2023\/07\/Logo-fil.png 337w, https:\/\/claudiamanya.com\/wp-content\/uploads\/2023\/07\/Logo-fil-300x133.png 300w, https:\/\/claudiamanya.com\/wp-content\/uploads\/2023\/07\/Logo-fil-18x8.png 18w\" sizes=\"auto, (max-width: 337px) 100vw, 337px\" \/><\/figure>\n\n<\/div>\n\n\n<figure class=\"gb-block-image gb-block-image-af9a2e83\"><img loading=\"lazy\" decoding=\"async\" width=\"209\" height=\"92\" class=\"gb-image gb-image-af9a2e83\" src=\"https:\/\/claudiamanya.com\/wp-content\/uploads\/2023\/04\/isocial.svg\" alt=\"Fundaci\u00f3 iSocial Fundaci\u00f3 nascuda per iniciativa de diverses entitats del tercer sector social.\" title=\"isocial\"\/><\/figure>\n<\/div>\n\n<\/div>\n\n\n<h4 class=\"gb-headline gb-headline-cb9ff3dc gb-headline-text\">S\u00f3c s\u00f2cia de:<\/h4>\n\n\n<div class=\"gb-container gb-container-663270b3\">\n\n<figure class=\"gb-block-image gb-block-image-d268960a\"><img loading=\"lazy\" decoding=\"async\" width=\"599\" height=\"80\" class=\"gb-image gb-image-d268960a\" src=\"https:\/\/claudiamanya.com\/wp-content\/uploads\/2025\/04\/pamapam-logo-bn-2.png\" alt=\"\" title=\"pamapam-logo-bn\" srcset=\"https:\/\/claudiamanya.com\/wp-content\/uploads\/2025\/04\/pamapam-logo-bn-2.png 599w, https:\/\/claudiamanya.com\/wp-content\/uploads\/2025\/04\/pamapam-logo-bn-2-300x40.png 300w, https:\/\/claudiamanya.com\/wp-content\/uploads\/2025\/04\/pamapam-logo-bn-2-18x2.png 18w\" sizes=\"auto, (max-width: 599px) 100vw, 599px\" \/><\/figure>\n\n\n\n<figure class=\"gb-block-image gb-block-image-bb55e614\"><img loading=\"lazy\" decoding=\"async\" width=\"321\" height=\"154\" class=\"gb-image gb-image-bb55e614\" src=\"https:\/\/claudiamanya.com\/wp-content\/uploads\/2025\/04\/Sin-titulo.png\" alt=\"\" title=\"Sin t\u00edtulo\" srcset=\"https:\/\/claudiamanya.com\/wp-content\/uploads\/2025\/04\/Sin-titulo.png 321w, https:\/\/claudiamanya.com\/wp-content\/uploads\/2025\/04\/Sin-titulo-300x144.png 300w, https:\/\/claudiamanya.com\/wp-content\/uploads\/2025\/04\/Sin-titulo-18x9.png 18w\" sizes=\"auto, (max-width: 321px) 100vw, 321px\" \/><\/figure>\n\n\n<div class=\"gb-container gb-container-a22c0a4e\">\n\n<figure class=\"wp-block-image size-full is-resized\"><img loading=\"lazy\" decoding=\"async\" width=\"200\" height=\"150\" src=\"https:\/\/claudiamanya.com\/wp-content\/uploads\/2025\/04\/Coop57-logo.png\" alt=\"\" class=\"wp-image-874\" style=\"width:68px;height:auto\" srcset=\"https:\/\/claudiamanya.com\/wp-content\/uploads\/2025\/04\/Coop57-logo.png 200w, https:\/\/claudiamanya.com\/wp-content\/uploads\/2025\/04\/Coop57-logo-16x12.png 16w\" sizes=\"auto, (max-width: 200px) 100vw, 200px\" \/><\/figure>\n\n<\/div>\n<\/div>\n\n\n<p><\/p>","protected":false},"excerpt":{"rendered":"<p>Consultora social especialitzada en l\u2019\u00e0mbit dels serveis socials i acci\u00f3 comunit\u00e0ria. Des de l\u2019any 2017 em dedico a enfortir l\u2019orientaci\u00f3 comunit\u00e0ria dels serveis socials realitzant formaci\u00f3, supervisi\u00f3, recerca i acompanyament a projectes i serveis de l\u2019administraci\u00f3 local. He elaborat documents de refer\u00e8ncia com el \u201cMarc d\u2019intervenci\u00f3 comunit\u00e0ria dels serveis socials de Barcelona\u201d (2017, amb Ernesto &#8230; <a title=\"Consultora social en serveis socials i acci\u00f3 comunit\u00e0ria.\" class=\"read-more\" href=\"https:\/\/claudiamanya.com\/es\/consultora-social-en-serveis-socials-i-accio-comunitaria\/\" aria-label=\"M\u00e1s en Consultora social en serveis socials i acci\u00f3 comunit\u00e0ria.\">Leer m\u00e1s<\/a><\/p>","protected":false},"author":1,"featured_media":0,"parent":0,"menu_order":0,"comment_status":"closed","ping_status":"closed","template":"","meta":{"_acf_changed":false,"footnotes":""},"class_list":["post-48","page","type-page","status-publish"],"acf":[],"yoast_head":"<!-- This site is optimized with the Yoast SEO plugin v22.1 - https:\/\/yoast.com\/wordpress\/plugins\/seo\/ -->\n<title>Consultora en serveis socials acci\u00f3 comunit\u00e0ria.<\/title>\n<meta name=\"description\" content=\"Consultora amb m\u00e9s de 20 anys d&#039;experi\u00e8ncia, en serveis socials, impulsant programes d\u2019actuaci\u00f3 municipal en l\u2019\u00e0mbit social i comunit\u00e0ries.\" \/>\n<meta name=\"robots\" content=\"index, follow, max-snippet:-1, max-image-preview:large, max-video-preview:-1\" \/>\n<link rel=\"canonical\" href=\"https:\/\/claudiamanya.com\/es\/consultora-social-en-serveis-socials-i-accio-comunitaria\/\" \/>\n<meta property=\"og:locale\" content=\"es_ES\" \/>\n<meta property=\"og:type\" content=\"article\" \/>\n<meta property=\"og:title\" content=\"Consultora en serveis socials acci\u00f3 comunit\u00e0ria.\" \/>\n<meta property=\"og:description\" content=\"Consultora amb m\u00e9s de 20 anys d&#039;experi\u00e8ncia, en serveis socials, impulsant programes d\u2019actuaci\u00f3 municipal en l\u2019\u00e0mbit social i comunit\u00e0ries.\" \/>\n<meta property=\"og:url\" content=\"https:\/\/claudiamanya.com\/es\/consultora-social-en-serveis-socials-i-accio-comunitaria\/\" \/>\n<meta property=\"og:site_name\" content=\"Cl\u00e0udia Many\u00e0\" \/>\n<meta property=\"article:modified_time\" content=\"2025-10-08T18:55:56+00:00\" \/>\n<meta property=\"og:image\" content=\"https:\/\/claudiamanya.com\/wp-content\/uploads\/2023\/04\/punts-16.svg\" \/>\n<meta name=\"twitter:card\" content=\"summary_large_image\" \/>\n<meta name=\"twitter:label1\" content=\"Tiempo de lectura\" \/>\n\t<meta name=\"twitter:data1\" content=\"4 minutos\" \/>\n<script type=\"application\/ld+json\" class=\"yoast-schema-graph\">{\"@context\":\"https:\/\/schema.org\",\"@graph\":[{\"@type\":\"WebPage\",\"@id\":\"https:\/\/claudiamanya.com\/consultora-social-en-serveis-socials-i-accio-comunitaria\/\",\"url\":\"https:\/\/claudiamanya.com\/consultora-social-en-serveis-socials-i-accio-comunitaria\/\",\"name\":\"Consultora en serveis socials acci\u00f3 comunit\u00e0ria.\",\"isPartOf\":{\"@id\":\"https:\/\/claudiamanya.com\/#website\"},\"datePublished\":\"2023-04-26T08:21:07+00:00\",\"dateModified\":\"2025-10-08T18:55:56+00:00\",\"description\":\"Consultora amb m\u00e9s de 20 anys d'experi\u00e8ncia, en serveis socials, impulsant programes d\u2019actuaci\u00f3 municipal en l\u2019\u00e0mbit social i comunit\u00e0ries.\",\"breadcrumb\":{\"@id\":\"https:\/\/claudiamanya.com\/consultora-social-en-serveis-socials-i-accio-comunitaria\/#breadcrumb\"},\"inLanguage\":\"es\",\"potentialAction\":[{\"@type\":\"ReadAction\",\"target\":[\"https:\/\/claudiamanya.com\/consultora-social-en-serveis-socials-i-accio-comunitaria\/\"]}]},{\"@type\":\"BreadcrumbList\",\"@id\":\"https:\/\/claudiamanya.com\/consultora-social-en-serveis-socials-i-accio-comunitaria\/#breadcrumb\",\"itemListElement\":[{\"@type\":\"ListItem\",\"position\":1,\"name\":\"Inici\",\"item\":\"https:\/\/claudiamanya.com\/\"},{\"@type\":\"ListItem\",\"position\":2,\"name\":\"Consultora social en serveis socials i acci\u00f3 comunit\u00e0ria.\"}]},{\"@type\":\"WebSite\",\"@id\":\"https:\/\/claudiamanya.com\/#website\",\"url\":\"https:\/\/claudiamanya.com\/\",\"name\":\"Cl\u00e0udia Many\u00e0\",\"description\":\"Consultoria social. Serveis socials i acci\u00f3 comunit\u00e0ria\",\"publisher\":{\"@id\":\"https:\/\/claudiamanya.com\/#\/schema\/person\/dc682c0b654881d418fac55eafd73c78\"},\"alternateName\":\"Cl\u00e0udia Many\u00e0\",\"potentialAction\":[{\"@type\":\"SearchAction\",\"target\":{\"@type\":\"EntryPoint\",\"urlTemplate\":\"https:\/\/claudiamanya.com\/?s={search_term_string}\"},\"query-input\":\"required name=search_term_string\"}],\"inLanguage\":\"es\"},{\"@type\":[\"Person\",\"Organization\"],\"@id\":\"https:\/\/claudiamanya.com\/#\/schema\/person\/dc682c0b654881d418fac55eafd73c78\",\"name\":\"Cl\u00e0udia Many\u00e0\",\"image\":{\"@type\":\"ImageObject\",\"inLanguage\":\"es\",\"@id\":\"https:\/\/claudiamanya.com\/#\/schema\/person\/image\/\",\"url\":\"https:\/\/claudiamanya.com\/wp-content\/uploads\/2023\/07\/imagotip_claudia_manya.svg\",\"contentUrl\":\"https:\/\/claudiamanya.com\/wp-content\/uploads\/2023\/07\/imagotip_claudia_manya.svg\",\"width\":155,\"height\":181,\"caption\":\"Cl\u00e0udia Many\u00e0\"},\"logo\":{\"@id\":\"https:\/\/claudiamanya.com\/#\/schema\/person\/image\/\"},\"sameAs\":[\"http:\/\/claudiamanya.com\"]}]}<\/script>\n<!-- \/ Yoast SEO plugin. -->","yoast_head_json":{"title":"Consultora en serveis socials acci\u00f3 comunit\u00e0ria.","description":"Consultora amb m\u00e9s de 20 anys d'experi\u00e8ncia, en serveis socials, impulsant programes d\u2019actuaci\u00f3 municipal en l\u2019\u00e0mbit social i comunit\u00e0ries.","robots":{"index":"index","follow":"follow","max-snippet":"max-snippet:-1","max-image-preview":"max-image-preview:large","max-video-preview":"max-video-preview:-1"},"canonical":"https:\/\/claudiamanya.com\/es\/consultora-social-en-serveis-socials-i-accio-comunitaria\/","og_locale":"es_ES","og_type":"article","og_title":"Consultora en serveis socials acci\u00f3 comunit\u00e0ria.","og_description":"Consultora amb m\u00e9s de 20 anys d'experi\u00e8ncia, en serveis socials, impulsant programes d\u2019actuaci\u00f3 municipal en l\u2019\u00e0mbit social i comunit\u00e0ries.","og_url":"https:\/\/claudiamanya.com\/es\/consultora-social-en-serveis-socials-i-accio-comunitaria\/","og_site_name":"Cl\u00e0udia Many\u00e0","article_modified_time":"2025-10-08T18:55:56+00:00","og_image":[{"url":"https:\/\/claudiamanya.com\/wp-content\/uploads\/2023\/04\/punts-16.svg"}],"twitter_card":"summary_large_image","twitter_misc":{"Tiempo de lectura":"4 minutos"},"schema":{"@context":"https:\/\/schema.org","@graph":[{"@type":"WebPage","@id":"https:\/\/claudiamanya.com\/consultora-social-en-serveis-socials-i-accio-comunitaria\/","url":"https:\/\/claudiamanya.com\/consultora-social-en-serveis-socials-i-accio-comunitaria\/","name":"Consultora en serveis socials acci\u00f3 comunit\u00e0ria.","isPartOf":{"@id":"https:\/\/claudiamanya.com\/#website"},"datePublished":"2023-04-26T08:21:07+00:00","dateModified":"2025-10-08T18:55:56+00:00","description":"Consultora amb m\u00e9s de 20 anys d'experi\u00e8ncia, en serveis socials, impulsant programes d\u2019actuaci\u00f3 municipal en l\u2019\u00e0mbit social i comunit\u00e0ries.","breadcrumb":{"@id":"https:\/\/claudiamanya.com\/consultora-social-en-serveis-socials-i-accio-comunitaria\/#breadcrumb"},"inLanguage":"es","potentialAction":[{"@type":"ReadAction","target":["https:\/\/claudiamanya.com\/consultora-social-en-serveis-socials-i-accio-comunitaria\/"]}]},{"@type":"BreadcrumbList","@id":"https:\/\/claudiamanya.com\/consultora-social-en-serveis-socials-i-accio-comunitaria\/#breadcrumb","itemListElement":[{"@type":"ListItem","position":1,"name":"Inici","item":"https:\/\/claudiamanya.com\/"},{"@type":"ListItem","position":2,"name":"Consultora social en serveis socials i acci\u00f3 comunit\u00e0ria."}]},{"@type":"WebSite","@id":"https:\/\/claudiamanya.com\/#website","url":"https:\/\/claudiamanya.com\/","name":"Cl\u00e0udia Many\u00e0","description":"Consultoria social. Serveis socials i acci\u00f3 comunit\u00e0ria","publisher":{"@id":"https:\/\/claudiamanya.com\/#\/schema\/person\/dc682c0b654881d418fac55eafd73c78"},"alternateName":"Cl\u00e0udia Many\u00e0","potentialAction":[{"@type":"SearchAction","target":{"@type":"EntryPoint","urlTemplate":"https:\/\/claudiamanya.com\/?s={search_term_string}"},"query-input":"required name=search_term_string"}],"inLanguage":"es"},{"@type":["Person","Organization"],"@id":"https:\/\/claudiamanya.com\/#\/schema\/person\/dc682c0b654881d418fac55eafd73c78","name":"Cl\u00e0udia Many\u00e0","image":{"@type":"ImageObject","inLanguage":"es","@id":"https:\/\/claudiamanya.com\/#\/schema\/person\/image\/","url":"https:\/\/claudiamanya.com\/wp-content\/uploads\/2023\/07\/imagotip_claudia_manya.svg","contentUrl":"https:\/\/claudiamanya.com\/wp-content\/uploads\/2023\/07\/imagotip_claudia_manya.svg","width":155,"height":181,"caption":"Cl\u00e0udia Many\u00e0"},"logo":{"@id":"https:\/\/claudiamanya.com\/#\/schema\/person\/image\/"},"sameAs":["http:\/\/claudiamanya.com"]}]}},"_links":{"self":[{"href":"https:\/\/claudiamanya.com\/es\/wp-json\/wp\/v2\/pages\/48","targetHints":{"allow":["GET"]}}],"collection":[{"href":"https:\/\/claudiamanya.com\/es\/wp-json\/wp\/v2\/pages"}],"about":[{"href":"https:\/\/claudiamanya.com\/es\/wp-json\/wp\/v2\/types\/page"}],"author":[{"embeddable":true,"href":"https:\/\/claudiamanya.com\/es\/wp-json\/wp\/v2\/users\/1"}],"replies":[{"embeddable":true,"href":"https:\/\/claudiamanya.com\/es\/wp-json\/wp\/v2\/comments?post=48"}],"version-history":[{"count":105,"href":"https:\/\/claudiamanya.com\/es\/wp-json\/wp\/v2\/pages\/48\/revisions"}],"predecessor-version":[{"id":886,"href":"https:\/\/claudiamanya.com\/es\/wp-json\/wp\/v2\/pages\/48\/revisions\/886"}],"wp:attachment":[{"href":"https:\/\/claudiamanya.com\/es\/wp-json\/wp\/v2\/media?parent=48"}],"curies":[{"name":"wp","href":"https:\/\/api.w.org\/{rel}","templated":true}]}}