{"id":182,"date":"2023-04-26T20:59:14","date_gmt":"2023-04-26T20:59:14","guid":{"rendered":"https:\/\/claudiamanya.com\/?page_id=182"},"modified":"2023-06-23T08:40:15","modified_gmt":"2023-06-23T08:40:15","slug":"serveis-en-lambit-social","status":"publish","type":"page","link":"https:\/\/claudiamanya.com\/es\/serveis-en-lambit-social\/","title":{"rendered":"Serveis en l\u2019\u00e0mbit social"},"content":{"rendered":"<div class=\"gb-container gb-container-9da4b3af\">\n<div class=\"gb-container gb-container-6b9f2b61\">\n<div class=\"gb-grid-wrapper gb-grid-wrapper-026f532a\">\n<div class=\"gb-grid-column gb-grid-column-c87d6103\"><div class=\"gb-container gb-container-c87d6103\">\n\n<h1 class=\"gb-headline gb-headline-92360667 gb-headline-text\">En el \u00e1mbito social tenemos un reto y al mismo tiempo un papel clave en la promoci\u00f3n de comunidades cohesionadas y resilientes que puedan afrontar, de forma inclusiva, las necesidades materiales, ambientales y sociales de la emergente crisis eco-social.<\/h1>\n\n\n\n<h2 class=\"gb-headline gb-headline-31eb0be5 gb-headline-text\">El contexto actual exige unos servicios fortalecidos y en red, capaces de acompa\u00f1ar procesos de vinculaci\u00f3n y fortalecimiento de las personas atendidas, as\u00ed como de corresponsabilizaci\u00f3n de la comunidad respecto a las desigualdades sociales que la atraviesan.<\/h2>\n\n<\/div><\/div>\n\n<div class=\"gb-grid-column gb-grid-column-efae61cd\"><div class=\"gb-container gb-container-efae61cd\">\n\n<figure class=\"gb-block-image gb-block-image-ae41cbde\"><img loading=\"lazy\" decoding=\"async\" width=\"300\" height=\"300\" class=\"gb-image gb-image-ae41cbde\" src=\"https:\/\/claudiamanya.com\/wp-content\/uploads\/2023\/04\/punts-03.svg\" alt=\"\" title=\"punts-03\"\/><\/figure>\n\n<\/div><\/div>\n<\/div>\n<\/div>\n\n<div class=\"gb-container gb-container-15d8c051\">\n<div class=\"gb-container gb-container-c322a86b\">\n\n<h3 class=\"gb-headline gb-headline-d402bec0 gb-headline-text\">Me siento comprometida con este reto, y por esto os quiero acompa\u00f1ar a:<\/h3>\n\n<\/div>\n\n\n<h4 class=\"gb-headline gb-headline-5e0ebca7\"><span class=\"gb-icon\"><svg aria-hidden=\"true\" role=\"img\" height=\"1em\" width=\"1em\" viewbox=\"0 0 512 512\" xmlns=\"http:\/\/www.w3.org\/2000\/svg\"><path fill=\"currentColor\" d=\"M256 8C119 8 8 119 8 256s111 248 248 248 248-111 248-248S393 8 256 8z\"><\/path><\/svg><\/span><span class=\"gb-headline-text\"> Definir una visi\u00f3n y estrategia clara y compartida de vuestra organizaci\u00f3n<\/span><\/h4>\n\n\n\n<h4 class=\"gb-headline gb-headline-83e77723\"><span class=\"gb-icon\"><svg aria-hidden=\"true\" role=\"img\" height=\"1em\" width=\"1em\" viewbox=\"0 0 512 512\" xmlns=\"http:\/\/www.w3.org\/2000\/svg\"><path fill=\"currentColor\" d=\"M256 8C119 8 8 119 8 256s111 248 248 248 248-111 248-248S393 8 256 8z\"><\/path><\/svg><\/span><span class=\"gb-headline-text\">Reforzar, conceptual y metodol\u00f3gicamente, la orientaci\u00f3n comunitaria de vuestros servicios y proyectos<\/span><\/h4>\n\n\n\n<h4 class=\"gb-headline gb-headline-c85a78a6\"><span class=\"gb-icon\"><svg aria-hidden=\"true\" role=\"img\" height=\"1em\" width=\"1em\" viewbox=\"0 0 512 512\" xmlns=\"http:\/\/www.w3.org\/2000\/svg\"><path fill=\"currentColor\" d=\"M256 8C119 8 8 119 8 256s111 248 248 248 248-111 248-248S393 8 256 8z\"><\/path><\/svg><\/span><span class=\"gb-headline-text\">Generar conocimiento a partir de la sistematizaci\u00f3n y evaluaci\u00f3n de vuestra praxis<\/span><\/h4>\n\n\n\n<h4 class=\"gb-headline gb-headline-fdf0af4a\"><span class=\"gb-icon\"><svg aria-hidden=\"true\" role=\"img\" height=\"1em\" width=\"1em\" viewbox=\"0 0 512 512\" xmlns=\"http:\/\/www.w3.org\/2000\/svg\"><path fill=\"currentColor\" d=\"M256 8C119 8 8 119 8 256s111 248 248 248 248-111 248-248S393 8 256 8z\"><\/path><\/svg><\/span><span class=\"gb-headline-text\">Mejorar el trabajo transversal y colaborativo dentro de vuestra \u00c1rea y con el ecosistema social del territorio<\/span><\/h4>\n\n<\/div>\n<\/div>\n\n<div class=\"gb-container gb-container-eba33d27\">\n<div class=\"gb-container gb-container-33f4046e\">\n<div class=\"gb-grid-wrapper gb-grid-wrapper-16950477\">\n<div class=\"gb-grid-column gb-grid-column-25165ace\"><div class=\"gb-container gb-container-25165ace\">\n\n<h3 class=\"gb-headline gb-headline-37ddea80 gb-headline-text\">Servicios profesionales <\/h3>\n\n\n\n<figure class=\"gb-block-image gb-block-image-927382f7\"><img loading=\"lazy\" decoding=\"async\" width=\"103\" height=\"38\" class=\"gb-image gb-image-927382f7\" src=\"https:\/\/claudiamanya.com\/wp-content\/uploads\/2023\/04\/punts-18.svg\" alt=\"\" title=\"punts-18\"\/><\/figure>\n\n<\/div><\/div>\n\n<div class=\"gb-grid-column gb-grid-column-992bd724\"><div class=\"gb-container gb-container-992bd724\">\n\n<h3 class=\"gb-headline gb-headline-9d04f498 gb-headline-text\"><a href=\"https:\/\/claudiamanya.com\/es\/projectes\/?_tipologia_projectes=formacio\"><strong><mark class=\"gb-highlight\">Formaci\u00f3n<\/mark><\/strong><\/a> Formaci\u00f3n en intervenci\u00f3n comunitaria en los servicios sociales<\/h3>\n\n\n\n<h3 class=\"gb-headline gb-headline-042ba4b8 gb-headline-text\"><a href=\"https:\/\/claudiamanya.com\/es\/projectes\/?_tipologia_projectes=supervisio-i-acompanyament-metodologic\"><strong>Supervisi\u00f3n<\/strong> <strong>y acompa\u00f1amiento metodol\u00f3gico<\/strong><\/a> a proyectos y espacios de trabajo en red y comunitarios.<\/h3>\n\n\n\n<h3 class=\"gb-headline gb-headline-3bf480f5 gb-headline-text\"><a href=\"https:\/\/claudiamanya.com\/es\/projectes\/?_tipologia_projectes=acompanyament-organitzatiu\"><strong>Acompa\u00f1amiento organizativo al cambio de modelo de atenci\u00f3n transversal y comunitario<\/strong> <strong>organitzatiu<\/strong><\/a> al canvi de model d\u2019atenci\u00f3 transversal i comunitari.<\/h3>\n\n\n\n<h3 class=\"gb-headline gb-headline-4c44e1bf gb-headline-text\"><strong><a href=\"https:\/\/claudiamanya.com\/es\/projectes\/?_tipologia_projectes=recerca-aplicada\">Investigaci\u00f3n aplicada<\/a><\/strong> Investigaci\u00f3n aplicada para sistematizar marcos conceptuales y operativos a partir de la pr\u00e1ctica profesional<\/h3>\n\n<\/div><\/div>\n<\/div>\n<\/div>\n<\/div>\n\n<div class=\"gb-container gb-container-d57979e8\">\n\n<h3 class=\"gb-headline gb-headline-b73a54d1 gb-headline-text\">Me gusta trabajar artesanalmente, partiendo del recorrido realizado y las potencialidades de vuestra organizaci\u00f3n. <\/h3>\n\n\n\n<h3 class=\"gb-headline gb-headline-117c4fa1 gb-headline-text\">Combinamos la investigaci\u00f3n con el acompa\u00f1amiento organizativo y metodol\u00f3gico en intervenci\u00f3n comunitaria en el \u00e1mbito social, aportando la perspectiva de g\u00e9nero y del Trabajo de procesos o Processwork, as\u00ed como la experiencia acumulada acompa\u00f1ando a la organizaci\u00f3n de colectivos y comunidades.<\/h3>\n\n<\/div>","protected":false},"excerpt":{"rendered":"<p>Em sento compromesa amb aquest desafiament, i per aix\u00f2 us vull acompanyar a: Definir una visi\u00f3 i estrat\u00e8gia clara i compartida de la vostra organitzaci\u00f3 Refor\u00e7ar, conceptualment i metodol\u00f2gicament, l&#8217;orientaci\u00f3 comunit\u00e0ria dels vostres serveis i projectes Generar coneixement a partir de la sistematitzaci\u00f3 i avaluaci\u00f3 de la vostra praxi Millorar el treball transversal i col\u00b7laboratiu &#8230; <a title=\"Serveis en l\u2019\u00e0mbit social\" class=\"read-more\" href=\"https:\/\/claudiamanya.com\/es\/serveis-en-lambit-social\/\" aria-label=\"M\u00e1s en Serveis en l\u2019\u00e0mbit social\">Leer m\u00e1s<\/a><\/p>","protected":false},"author":1,"featured_media":0,"parent":0,"menu_order":0,"comment_status":"closed","ping_status":"closed","template":"","meta":{"_acf_changed":false,"footnotes":""},"class_list":["post-182","page","type-page","status-publish"],"acf":[],"yoast_head":"<!-- This site is optimized with the Yoast SEO plugin v22.1 - https:\/\/yoast.com\/wordpress\/plugins\/seo\/ -->\n<title>Serveis en l\u2019\u00e0mbit social - Cl\u00e0udia Many\u00e0<\/title>\n<meta name=\"description\" content=\"Formaci\u00f3, Supervisi\u00f3 i acompanyament metodol\u00f2gic, Acompanyament organitzatiu, Recerca aplicada en l&#039;\u00e0mbit del serveis en l\u2019\u00e0mbit social\" \/>\n<meta name=\"robots\" content=\"index, follow, max-snippet:-1, max-image-preview:large, max-video-preview:-1\" \/>\n<link rel=\"canonical\" href=\"https:\/\/claudiamanya.com\/es\/serveis-en-lambit-social\/\" \/>\n<meta property=\"og:locale\" content=\"es_ES\" \/>\n<meta property=\"og:type\" content=\"article\" \/>\n<meta property=\"og:title\" content=\"Serveis en l\u2019\u00e0mbit social - Cl\u00e0udia Many\u00e0\" \/>\n<meta property=\"og:description\" content=\"Formaci\u00f3, Supervisi\u00f3 i acompanyament metodol\u00f2gic, Acompanyament organitzatiu, Recerca aplicada en l&#039;\u00e0mbit del serveis en l\u2019\u00e0mbit social\" \/>\n<meta property=\"og:url\" content=\"https:\/\/claudiamanya.com\/es\/serveis-en-lambit-social\/\" \/>\n<meta property=\"og:site_name\" content=\"Cl\u00e0udia Many\u00e0\" \/>\n<meta property=\"article:modified_time\" content=\"2023-06-23T08:40:15+00:00\" \/>\n<meta property=\"og:image\" content=\"https:\/\/claudiamanya.com\/wp-content\/uploads\/2023\/04\/punts-11.svg\" \/>\n<meta name=\"twitter:card\" content=\"summary_large_image\" \/>\n<meta name=\"twitter:label1\" content=\"Tiempo de lectura\" \/>\n\t<meta name=\"twitter:data1\" content=\"2 minutos\" \/>\n<script type=\"application\/ld+json\" class=\"yoast-schema-graph\">{\"@context\":\"https:\/\/schema.org\",\"@graph\":[{\"@type\":\"WebPage\",\"@id\":\"https:\/\/claudiamanya.com\/serveis-en-lambit-social\/\",\"url\":\"https:\/\/claudiamanya.com\/serveis-en-lambit-social\/\",\"name\":\"Serveis en l\u2019\u00e0mbit social - Cl\u00e0udia Many\u00e0\",\"isPartOf\":{\"@id\":\"https:\/\/claudiamanya.com\/#website\"},\"datePublished\":\"2023-04-26T20:59:14+00:00\",\"dateModified\":\"2023-06-23T08:40:15+00:00\",\"description\":\"Formaci\u00f3, Supervisi\u00f3 i acompanyament metodol\u00f2gic, Acompanyament organitzatiu, Recerca aplicada en l'\u00e0mbit del serveis en l\u2019\u00e0mbit social\",\"breadcrumb\":{\"@id\":\"https:\/\/claudiamanya.com\/serveis-en-lambit-social\/#breadcrumb\"},\"inLanguage\":\"es\",\"potentialAction\":[{\"@type\":\"ReadAction\",\"target\":[\"https:\/\/claudiamanya.com\/serveis-en-lambit-social\/\"]}]},{\"@type\":\"BreadcrumbList\",\"@id\":\"https:\/\/claudiamanya.com\/serveis-en-lambit-social\/#breadcrumb\",\"itemListElement\":[{\"@type\":\"ListItem\",\"position\":1,\"name\":\"Inici\",\"item\":\"https:\/\/claudiamanya.com\/\"},{\"@type\":\"ListItem\",\"position\":2,\"name\":\"Serveis en l\u2019\u00e0mbit social\"}]},{\"@type\":\"WebSite\",\"@id\":\"https:\/\/claudiamanya.com\/#website\",\"url\":\"https:\/\/claudiamanya.com\/\",\"name\":\"Cl\u00e0udia Many\u00e0\",\"description\":\"Consultoria social. Serveis socials i acci\u00f3 comunit\u00e0ria\",\"publisher\":{\"@id\":\"https:\/\/claudiamanya.com\/#\/schema\/person\/dc682c0b654881d418fac55eafd73c78\"},\"alternateName\":\"Cl\u00e0udia Many\u00e0\",\"potentialAction\":[{\"@type\":\"SearchAction\",\"target\":{\"@type\":\"EntryPoint\",\"urlTemplate\":\"https:\/\/claudiamanya.com\/?s={search_term_string}\"},\"query-input\":\"required name=search_term_string\"}],\"inLanguage\":\"es\"},{\"@type\":[\"Person\",\"Organization\"],\"@id\":\"https:\/\/claudiamanya.com\/#\/schema\/person\/dc682c0b654881d418fac55eafd73c78\",\"name\":\"Cl\u00e0udia Many\u00e0\",\"image\":{\"@type\":\"ImageObject\",\"inLanguage\":\"es\",\"@id\":\"https:\/\/claudiamanya.com\/#\/schema\/person\/image\/\",\"url\":\"https:\/\/claudiamanya.com\/wp-content\/uploads\/2023\/07\/imagotip_claudia_manya.svg\",\"contentUrl\":\"https:\/\/claudiamanya.com\/wp-content\/uploads\/2023\/07\/imagotip_claudia_manya.svg\",\"width\":155,\"height\":181,\"caption\":\"Cl\u00e0udia Many\u00e0\"},\"logo\":{\"@id\":\"https:\/\/claudiamanya.com\/#\/schema\/person\/image\/\"},\"sameAs\":[\"http:\/\/claudiamanya.com\"]}]}<\/script>\n<!-- \/ Yoast SEO plugin. -->","yoast_head_json":{"title":"Serveis en l\u2019\u00e0mbit social - Cl\u00e0udia Many\u00e0","description":"Formaci\u00f3, Supervisi\u00f3 i acompanyament metodol\u00f2gic, Acompanyament organitzatiu, Recerca aplicada en l'\u00e0mbit del serveis en l\u2019\u00e0mbit social","robots":{"index":"index","follow":"follow","max-snippet":"max-snippet:-1","max-image-preview":"max-image-preview:large","max-video-preview":"max-video-preview:-1"},"canonical":"https:\/\/claudiamanya.com\/es\/serveis-en-lambit-social\/","og_locale":"es_ES","og_type":"article","og_title":"Serveis en l\u2019\u00e0mbit social - Cl\u00e0udia Many\u00e0","og_description":"Formaci\u00f3, Supervisi\u00f3 i acompanyament metodol\u00f2gic, Acompanyament organitzatiu, Recerca aplicada en l'\u00e0mbit del serveis en l\u2019\u00e0mbit social","og_url":"https:\/\/claudiamanya.com\/es\/serveis-en-lambit-social\/","og_site_name":"Cl\u00e0udia Many\u00e0","article_modified_time":"2023-06-23T08:40:15+00:00","og_image":[{"url":"https:\/\/claudiamanya.com\/wp-content\/uploads\/2023\/04\/punts-11.svg"}],"twitter_card":"summary_large_image","twitter_misc":{"Tiempo de lectura":"2 minutos"},"schema":{"@context":"https:\/\/schema.org","@graph":[{"@type":"WebPage","@id":"https:\/\/claudiamanya.com\/serveis-en-lambit-social\/","url":"https:\/\/claudiamanya.com\/serveis-en-lambit-social\/","name":"Serveis en l\u2019\u00e0mbit social - Cl\u00e0udia Many\u00e0","isPartOf":{"@id":"https:\/\/claudiamanya.com\/#website"},"datePublished":"2023-04-26T20:59:14+00:00","dateModified":"2023-06-23T08:40:15+00:00","description":"Formaci\u00f3, Supervisi\u00f3 i acompanyament metodol\u00f2gic, Acompanyament organitzatiu, Recerca aplicada en l'\u00e0mbit del serveis en l\u2019\u00e0mbit social","breadcrumb":{"@id":"https:\/\/claudiamanya.com\/serveis-en-lambit-social\/#breadcrumb"},"inLanguage":"es","potentialAction":[{"@type":"ReadAction","target":["https:\/\/claudiamanya.com\/serveis-en-lambit-social\/"]}]},{"@type":"BreadcrumbList","@id":"https:\/\/claudiamanya.com\/serveis-en-lambit-social\/#breadcrumb","itemListElement":[{"@type":"ListItem","position":1,"name":"Inici","item":"https:\/\/claudiamanya.com\/"},{"@type":"ListItem","position":2,"name":"Serveis en l\u2019\u00e0mbit social"}]},{"@type":"WebSite","@id":"https:\/\/claudiamanya.com\/#website","url":"https:\/\/claudiamanya.com\/","name":"Cl\u00e0udia Many\u00e0","description":"Consultoria social. Serveis socials i acci\u00f3 comunit\u00e0ria","publisher":{"@id":"https:\/\/claudiamanya.com\/#\/schema\/person\/dc682c0b654881d418fac55eafd73c78"},"alternateName":"Cl\u00e0udia Many\u00e0","potentialAction":[{"@type":"SearchAction","target":{"@type":"EntryPoint","urlTemplate":"https:\/\/claudiamanya.com\/?s={search_term_string}"},"query-input":"required name=search_term_string"}],"inLanguage":"es"},{"@type":["Person","Organization"],"@id":"https:\/\/claudiamanya.com\/#\/schema\/person\/dc682c0b654881d418fac55eafd73c78","name":"Cl\u00e0udia Many\u00e0","image":{"@type":"ImageObject","inLanguage":"es","@id":"https:\/\/claudiamanya.com\/#\/schema\/person\/image\/","url":"https:\/\/claudiamanya.com\/wp-content\/uploads\/2023\/07\/imagotip_claudia_manya.svg","contentUrl":"https:\/\/claudiamanya.com\/wp-content\/uploads\/2023\/07\/imagotip_claudia_manya.svg","width":155,"height":181,"caption":"Cl\u00e0udia Many\u00e0"},"logo":{"@id":"https:\/\/claudiamanya.com\/#\/schema\/person\/image\/"},"sameAs":["http:\/\/claudiamanya.com"]}]}},"_links":{"self":[{"href":"https:\/\/claudiamanya.com\/es\/wp-json\/wp\/v2\/pages\/182","targetHints":{"allow":["GET"]}}],"collection":[{"href":"https:\/\/claudiamanya.com\/es\/wp-json\/wp\/v2\/pages"}],"about":[{"href":"https:\/\/claudiamanya.com\/es\/wp-json\/wp\/v2\/types\/page"}],"author":[{"embeddable":true,"href":"https:\/\/claudiamanya.com\/es\/wp-json\/wp\/v2\/users\/1"}],"replies":[{"embeddable":true,"href":"https:\/\/claudiamanya.com\/es\/wp-json\/wp\/v2\/comments?post=182"}],"version-history":[{"count":55,"href":"https:\/\/claudiamanya.com\/es\/wp-json\/wp\/v2\/pages\/182\/revisions"}],"predecessor-version":[{"id":859,"href":"https:\/\/claudiamanya.com\/es\/wp-json\/wp\/v2\/pages\/182\/revisions\/859"}],"wp:attachment":[{"href":"https:\/\/claudiamanya.com\/es\/wp-json\/wp\/v2\/media?parent=182"}],"curies":[{"name":"wp","href":"https:\/\/api.w.org\/{rel}","templated":true}]}}