{"id":13,"date":"2023-04-25T21:54:52","date_gmt":"2023-04-25T21:54:52","guid":{"rendered":"https:\/\/claudiamanya.com\/?page_id=13"},"modified":"2023-05-11T06:16:09","modified_gmt":"2023-05-11T06:16:09","slug":"consultoria-social-serveis-socials-i-accio-comunitaria","status":"publish","type":"page","link":"https:\/\/claudiamanya.com\/es\/","title":{"rendered":"Consultor\u00eda social. Servicios sociales y acci\u00f3n comunitaria"},"content":{"rendered":"<div class=\"gb-container gb-container-2df5f6ea associated_dots\">\n\n<canvas id=\"associated_dots_canvas\" width=\"1263\" height=\"890\"><\/canvas>\n\n<\/div>\n\n<div class=\"gb-container gb-container-909f2cd0\">\n<div class=\"gb-container gb-container-eade69de\">\n<div class=\"gb-container gb-container-dffce330 alinea_sota\">\n\n<h1 class=\"gb-headline gb-headline-3eb61afc gb-headline-text t1\">Consultor\u00eda social. Servicios sociales y acci\u00f3n comunitaria<\/h1>\n\n\n\n<h2 class=\"gb-headline gb-headline-36641c07 gb-headline-text t2\">Contribuyendo a crear comunidades justas, cohesionadas y resilientes<\/h2>\n\n<\/div>\n<\/div>\n<\/div>\n\n<div class=\"gb-container gb-container-233cf93c alinea_sota\"><\/div>","protected":false},"excerpt":{"rendered":"<p>Consultoria social. Serveis socials i acci\u00f3 comunit\u00e0ria Contribuint a crear comunitats justes, cohesionades i resilients<\/p>","protected":false},"author":1,"featured_media":0,"parent":0,"menu_order":0,"comment_status":"closed","ping_status":"closed","template":"","meta":{"_acf_changed":false,"footnotes":""},"class_list":["post-13","page","type-page","status-publish"],"acf":[],"yoast_head":"<!-- This site is optimized with the Yoast SEO plugin v22.1 - https:\/\/yoast.com\/wordpress\/plugins\/seo\/ -->\n<title>Consultoria social. Serveis socials i acci\u00f3 comunit\u00e0ria - Cl\u00e0udia Many\u00e0<\/title>\n<meta name=\"robots\" content=\"index, follow, max-snippet:-1, max-image-preview:large, max-video-preview:-1\" \/>\n<link rel=\"canonical\" href=\"https:\/\/claudiamanya.com\/es\/\" \/>\n<meta property=\"og:locale\" content=\"es_ES\" \/>\n<meta property=\"og:type\" content=\"article\" \/>\n<meta property=\"og:title\" content=\"Consultoria social. Serveis socials i acci\u00f3 comunit\u00e0ria - Cl\u00e0udia Many\u00e0\" \/>\n<meta property=\"og:description\" content=\"Consultoria social. Serveis socials i acci\u00f3 comunit\u00e0ria Contribuint a crear comunitats justes, cohesionades i resilients\" \/>\n<meta property=\"og:url\" content=\"https:\/\/claudiamanya.com\/es\/\" \/>\n<meta property=\"og:site_name\" content=\"Cl\u00e0udia Many\u00e0\" \/>\n<meta property=\"article:modified_time\" content=\"2023-05-11T06:16:09+00:00\" \/>\n<meta name=\"twitter:card\" content=\"summary_large_image\" \/>\n<script type=\"application\/ld+json\" class=\"yoast-schema-graph\">{\"@context\":\"https:\/\/schema.org\",\"@graph\":[{\"@type\":\"WebPage\",\"@id\":\"https:\/\/claudiamanya.com\/\",\"url\":\"https:\/\/claudiamanya.com\/\",\"name\":\"Consultoria social. Serveis socials i acci\u00f3 comunit\u00e0ria - Cl\u00e0udia Many\u00e0\",\"isPartOf\":{\"@id\":\"https:\/\/claudiamanya.com\/#website\"},\"datePublished\":\"2023-04-25T21:54:52+00:00\",\"dateModified\":\"2023-05-11T06:16:09+00:00\",\"breadcrumb\":{\"@id\":\"https:\/\/claudiamanya.com\/#breadcrumb\"},\"inLanguage\":\"es\",\"potentialAction\":[{\"@type\":\"ReadAction\",\"target\":[\"https:\/\/claudiamanya.com\/\"]}]},{\"@type\":\"BreadcrumbList\",\"@id\":\"https:\/\/claudiamanya.com\/#breadcrumb\",\"itemListElement\":[{\"@type\":\"ListItem\",\"position\":1,\"name\":\"Inici\",\"item\":\"https:\/\/claudiamanya.com\/\"},{\"@type\":\"ListItem\",\"position\":2,\"name\":\"Consultoria social. Serveis socials i acci\u00f3 comunit\u00e0ria\"}]},{\"@type\":\"WebSite\",\"@id\":\"https:\/\/claudiamanya.com\/#website\",\"url\":\"https:\/\/claudiamanya.com\/\",\"name\":\"Cl\u00e0udia Many\u00e0\",\"description\":\"Consultoria social. Serveis socials i acci\u00f3 comunit\u00e0ria\",\"publisher\":{\"@id\":\"https:\/\/claudiamanya.com\/#\/schema\/person\/dc682c0b654881d418fac55eafd73c78\"},\"alternateName\":\"Cl\u00e0udia Many\u00e0\",\"potentialAction\":[{\"@type\":\"SearchAction\",\"target\":{\"@type\":\"EntryPoint\",\"urlTemplate\":\"https:\/\/claudiamanya.com\/?s={search_term_string}\"},\"query-input\":\"required name=search_term_string\"}],\"inLanguage\":\"es\"},{\"@type\":[\"Person\",\"Organization\"],\"@id\":\"https:\/\/claudiamanya.com\/#\/schema\/person\/dc682c0b654881d418fac55eafd73c78\",\"name\":\"Cl\u00e0udia Many\u00e0\",\"image\":{\"@type\":\"ImageObject\",\"inLanguage\":\"es\",\"@id\":\"https:\/\/claudiamanya.com\/#\/schema\/person\/image\/\",\"url\":\"https:\/\/claudiamanya.com\/wp-content\/uploads\/2023\/07\/imagotip_claudia_manya.svg\",\"contentUrl\":\"https:\/\/claudiamanya.com\/wp-content\/uploads\/2023\/07\/imagotip_claudia_manya.svg\",\"width\":155,\"height\":181,\"caption\":\"Cl\u00e0udia Many\u00e0\"},\"logo\":{\"@id\":\"https:\/\/claudiamanya.com\/#\/schema\/person\/image\/\"},\"sameAs\":[\"http:\/\/claudiamanya.com\"]}]}<\/script>\n<!-- \/ Yoast SEO plugin. -->","yoast_head_json":{"title":"Consultoria social. Serveis socials i acci\u00f3 comunit\u00e0ria - Cl\u00e0udia Many\u00e0","robots":{"index":"index","follow":"follow","max-snippet":"max-snippet:-1","max-image-preview":"max-image-preview:large","max-video-preview":"max-video-preview:-1"},"canonical":"https:\/\/claudiamanya.com\/es\/","og_locale":"es_ES","og_type":"article","og_title":"Consultoria social. Serveis socials i acci\u00f3 comunit\u00e0ria - Cl\u00e0udia Many\u00e0","og_description":"Consultoria social. Serveis socials i acci\u00f3 comunit\u00e0ria Contribuint a crear comunitats justes, cohesionades i resilients","og_url":"https:\/\/claudiamanya.com\/es\/","og_site_name":"Cl\u00e0udia Many\u00e0","article_modified_time":"2023-05-11T06:16:09+00:00","twitter_card":"summary_large_image","schema":{"@context":"https:\/\/schema.org","@graph":[{"@type":"WebPage","@id":"https:\/\/claudiamanya.com\/","url":"https:\/\/claudiamanya.com\/","name":"Consultoria social. Serveis socials i acci\u00f3 comunit\u00e0ria - Cl\u00e0udia Many\u00e0","isPartOf":{"@id":"https:\/\/claudiamanya.com\/#website"},"datePublished":"2023-04-25T21:54:52+00:00","dateModified":"2023-05-11T06:16:09+00:00","breadcrumb":{"@id":"https:\/\/claudiamanya.com\/#breadcrumb"},"inLanguage":"es","potentialAction":[{"@type":"ReadAction","target":["https:\/\/claudiamanya.com\/"]}]},{"@type":"BreadcrumbList","@id":"https:\/\/claudiamanya.com\/#breadcrumb","itemListElement":[{"@type":"ListItem","position":1,"name":"Inici","item":"https:\/\/claudiamanya.com\/"},{"@type":"ListItem","position":2,"name":"Consultoria social. Serveis socials i acci\u00f3 comunit\u00e0ria"}]},{"@type":"WebSite","@id":"https:\/\/claudiamanya.com\/#website","url":"https:\/\/claudiamanya.com\/","name":"Cl\u00e0udia Many\u00e0","description":"Consultoria social. Serveis socials i acci\u00f3 comunit\u00e0ria","publisher":{"@id":"https:\/\/claudiamanya.com\/#\/schema\/person\/dc682c0b654881d418fac55eafd73c78"},"alternateName":"Cl\u00e0udia Many\u00e0","potentialAction":[{"@type":"SearchAction","target":{"@type":"EntryPoint","urlTemplate":"https:\/\/claudiamanya.com\/?s={search_term_string}"},"query-input":"required name=search_term_string"}],"inLanguage":"es"},{"@type":["Person","Organization"],"@id":"https:\/\/claudiamanya.com\/#\/schema\/person\/dc682c0b654881d418fac55eafd73c78","name":"Cl\u00e0udia Many\u00e0","image":{"@type":"ImageObject","inLanguage":"es","@id":"https:\/\/claudiamanya.com\/#\/schema\/person\/image\/","url":"https:\/\/claudiamanya.com\/wp-content\/uploads\/2023\/07\/imagotip_claudia_manya.svg","contentUrl":"https:\/\/claudiamanya.com\/wp-content\/uploads\/2023\/07\/imagotip_claudia_manya.svg","width":155,"height":181,"caption":"Cl\u00e0udia Many\u00e0"},"logo":{"@id":"https:\/\/claudiamanya.com\/#\/schema\/person\/image\/"},"sameAs":["http:\/\/claudiamanya.com"]}]}},"_links":{"self":[{"href":"https:\/\/claudiamanya.com\/es\/wp-json\/wp\/v2\/pages\/13","targetHints":{"allow":["GET"]}}],"collection":[{"href":"https:\/\/claudiamanya.com\/es\/wp-json\/wp\/v2\/pages"}],"about":[{"href":"https:\/\/claudiamanya.com\/es\/wp-json\/wp\/v2\/types\/page"}],"author":[{"embeddable":true,"href":"https:\/\/claudiamanya.com\/es\/wp-json\/wp\/v2\/users\/1"}],"replies":[{"embeddable":true,"href":"https:\/\/claudiamanya.com\/es\/wp-json\/wp\/v2\/comments?post=13"}],"version-history":[{"count":75,"href":"https:\/\/claudiamanya.com\/es\/wp-json\/wp\/v2\/pages\/13\/revisions"}],"predecessor-version":[{"id":563,"href":"https:\/\/claudiamanya.com\/es\/wp-json\/wp\/v2\/pages\/13\/revisions\/563"}],"wp:attachment":[{"href":"https:\/\/claudiamanya.com\/es\/wp-json\/wp\/v2\/media?parent=13"}],"curies":[{"name":"wp","href":"https:\/\/api.w.org\/{rel}","templated":true}]}}